{"id":7963,"date":"2011-05-26T13:14:55","date_gmt":"2011-05-26T13:14:55","guid":{"rendered":"\/kontakt-und-anfahrt\/"},"modified":"2020-01-09T19:10:07","modified_gmt":"2020-01-09T18:10:07","slug":"contact","status":"publish","type":"page","link":"\/en\/contact\/","title":{"rendered":"Contact"},"content":{"rendered":"<h1>Contact<\/h1>\n<h2>INTERSOM K\u00d6LN<\/h2>\n<p>Zentrum f\u00fcr Schlafmedizin &amp; Schlafforschung<br \/>\nPrivat\u00e4rztliche Gemeinschaftspraxis<strong><br \/>\n<\/strong><a href=\"\/unser-zentrum\/unser-team\/dr-janicki\/\">Dr. med. Jaroslaw Janicki<\/a><br \/>\nFacharzt f\u00fcr Innere Medizin &#8211; Schlafmedizin, Somnologe (DGSM)<br \/>\n<a href=\"\/unser-zentrum\/unser-team\/dr-knaack\/\">Dr. med. Lennart Knaack<\/a><br \/>\nArzt &#8211; Somnologe (DGSM)*<br \/>\nIm MediaPark 4d<br \/>\n50670 K\u00f6ln<br \/>\nTel. +49 (0)221 &#8211; 55 400 700<br \/>\nFax: +49 (0)221 &#8211; 55 400 710<br \/>\nE-Mail: <a href=\"mailto:info@intersom.de\">info@intersom.de<\/a><br \/>\nInternet: <a href=\"https:\/\/intersom.de\">www.intersom.de<br \/>\n<\/a>(* besonderes Leistungsvolumen nach eigenen Angaben)<\/p>\n<hr \/>\n<h1>So finden Sie uns<\/h1>\n<h2>Anfahrtsbeschreibung<\/h2>\n<p>Intersom K\u00f6ln liegt mitten im Herzen K\u00f6lns, im MediaPark 4d, in\u00a0ruhiger, aber verkehrsg\u00fcnstiger Lage, nur rund 1000 m nordwestlich von Hauptbahnhof und Dom entfernt. Eine ausf\u00fchrliche\u00a0Anreisebeschreibung mit \u00f6ffentlichen Verkehrsmitteln bzw. zu unseren kostenlosen Parkpl\u00e4tzen finden Sie hier <a href=\"\/wp-content\/uploads\/2018\/08\/INTERSOM_ANFAHRTSBESCHREIBUNG_06_2018.pdf\"><i class=\"weiter\"><\/i><\/a><\/p>\n<hr \/>\n<h1>Routenplaner<\/h1>\n<h2>Klicken Sie unten auf &#8220;Routenplan&#8221; und geben Sie anschlie\u00dfend Ihre Startadresse ein:<\/h2>\n<div id=\"mapviewer\"><iframe loading=\"lazy\" id=\"map\" name=\"mapFrame\" scrolling=\"no\" width=\"470\" height=\"400\" frameborder=\"0\" src=\"https:\/\/www.bing.com\/maps\/embed\/?lvl=14&amp;cp=50.9482231604951~6.945313000000013&amp;sty=r&amp;draggable=true&amp;v=2&amp;dir=0&amp;where1=Im+Mediapark+4D%2C+50670+K%C3%83%C2%B6ln&amp;q=Im+Mediapark+4D%2C+50670+Koeln&amp;form=LMLTEW&amp;pp=50.948223~6.945313&amp;emid=b96f730b-f022-fc02-8f43-39a718c35e53&amp;w=470&amp;h=400\"><\/iframe><\/p>\n<div id=\"LME_maplinks\" style=\"line-height:20px;\"><a id=\"LME_largerMap\" href=\"http:\/\/www.bing.com\/maps\/?mm_embed=map&amp;cp=50.9482231604951~6.945313000000013&amp;lvl=14&amp;sty=r&amp;where1=Im+Mediapark+4D%2C+50670+K%C3%83%C2%B6ln&amp;form=LMLTEW\" target=\"_blank\">Gr\u00f6\u00dfere Karte anzeigen<\/a>&nbsp;<a id=\"LME_directions\" href=\"http:\/\/www.bing.com\/maps\/?mm_embed=dir&amp;cp=50.9482231604951~6.945313000000013&amp;rtp=~pos.50.948223_6.945313_Im+Mediapark+4D%2C+50670+K%C3%83%C2%B6ln&amp;lvl=14&amp;sty=r&amp;form=LMLTEW\" target=\"_blank\">Routenplan<\/a>&nbsp;<a id=\"LME_birdsEye\" href=\"http:\/\/www.bing.com\/maps\/?mm_embed=be&amp;cp=50.9482231604951~6.945313000000013&amp;lvl=18&amp;sty=b&amp;where1=Im+Mediapark+4D%2C+50670+K%C3%83%C2%B6ln&amp;form=LMLTEW\" target=\"_blank\">Vogelperspektive anzeigen<\/a><\/div>\n<p><\/div>\n<hr \/>\n<p>&nbsp;<\/p>\n","protected":false},"excerpt":{"rendered":"<p>Contact INTERSOM K\u00d6LN Zentrum f\u00fcr Schlafmedizin &amp; Schlafforschung Privat\u00e4rztliche Gemeinschaftspraxis Dr. med. Jaroslaw Janicki Facharzt f\u00fcr Innere Medizin &#8211; Schlafmedizin, Somnologe (DGSM) Dr. med. Lennart Knaack Arzt &#8211; Somnologe (DGSM)* Im MediaPark 4d 50670 K\u00f6ln Tel. +49 (0)221 &#8211; 55 400 700 Fax: +49 (0)221 &#8211; 55 400 710 E-Mail: info@intersom.de Internet: www.intersom.de (* besonderes [&hellip;]<\/p>\n","protected":false},"author":4,"featured_media":0,"parent":0,"menu_order":800,"comment_status":"open","ping_status":"open","template":"","meta":{"_acf_changed":false,"footnotes":""},"class_list":["post-7963","page","type-page","status-publish","hentry"],"acf":[],"_links":{"self":[{"href":"https:\/\/intersom.de\/en\/wp-json\/wp\/v2\/pages\/7963","targetHints":{"allow":["GET"]}}],"collection":[{"href":"https:\/\/intersom.de\/en\/wp-json\/wp\/v2\/pages"}],"about":[{"href":"https:\/\/intersom.de\/en\/wp-json\/wp\/v2\/types\/page"}],"author":[{"embeddable":true,"href":"https:\/\/intersom.de\/en\/wp-json\/wp\/v2\/users\/4"}],"replies":[{"embeddable":true,"href":"https:\/\/intersom.de\/en\/wp-json\/wp\/v2\/comments?post=7963"}],"version-history":[{"count":0,"href":"https:\/\/intersom.de\/en\/wp-json\/wp\/v2\/pages\/7963\/revisions"}],"wp:attachment":[{"href":"https:\/\/intersom.de\/en\/wp-json\/wp\/v2\/media?parent=7963"}],"curies":[{"name":"wp","href":"https:\/\/api.w.org\/{rel}","templated":true}]}}